{"id":742,"date":"2015-01-14T08:42:54","date_gmt":"2015-01-14T07:42:54","guid":{"rendered":"http:\/\/shopedcondiviso\/public\/shop\/metodi-di-pagamento\/"},"modified":"2024-02-13T12:56:33","modified_gmt":"2024-02-13T11:56:33","slug":"metodi-di-pagamento","status":"publish","type":"page","link":"https:\/\/shoped.it\/shop\/metodi-di-pagamento\/","title":{"rendered":"Metodi di Pagamento"},"content":{"rendered":"\t\t<div data-elementor-type=\"wp-page\" data-elementor-id=\"742\" class=\"elementor elementor-742\" data-elementor-post-type=\"page\">\n\t\t\t\t\t\t<section class=\"elementor-section elementor-top-section elementor-element elementor-element-4dcb8f74 elementor-section-full_width elementor-section-height-default elementor-section-height-default\" data-id=\"4dcb8f74\" data-element_type=\"section\">\n\t\t\t\t\t\t<div class=\"elementor-container elementor-column-gap-default\">\n\t\t\t\t\t<div class=\"elementor-column elementor-col-100 elementor-top-column elementor-element elementor-element-5358d579\" data-id=\"5358d579\" data-element_type=\"column\">\n\t\t\t<div class=\"elementor-widget-wrap elementor-element-populated\">\n\t\t\t\t\t\t\t<\/div>\n\t\t<\/div>\n\t\t\t\t\t<\/div>\n\t\t<\/section>\n\t\t\t\t<section class=\"elementor-section elementor-top-section elementor-element elementor-element-39b5674d elementor-section-full_width elementor-section-height-default elementor-section-height-default\" data-id=\"39b5674d\" data-element_type=\"section\">\n\t\t\t\t\t\t<div class=\"elementor-container elementor-column-gap-default\">\n\t\t\t\t\t<div class=\"elementor-column elementor-col-100 elementor-top-column elementor-element elementor-element-3ee19f53\" data-id=\"3ee19f53\" data-element_type=\"column\">\n\t\t\t<div class=\"elementor-widget-wrap\">\n\t\t\t\t\t\t\t<\/div>\n\t\t<\/div>\n\t\t\t\t\t<\/div>\n\t\t<\/section>\n\t\t\t\t<section class=\"elementor-section elementor-top-section elementor-element elementor-element-4aec9512 elementor-section-full_width elementor-section-height-default elementor-section-height-default\" data-id=\"4aec9512\" data-element_type=\"section\">\n\t\t\t\t\t\t<div class=\"elementor-container elementor-column-gap-default\">\n\t\t\t\t\t<div class=\"elementor-column elementor-col-100 elementor-top-column elementor-element elementor-element-5f5bf047\" data-id=\"5f5bf047\" data-element_type=\"column\">\n\t\t\t<div class=\"elementor-widget-wrap elementor-element-populated\">\n\t\t\t\t\t\t<div class=\"elementor-element elementor-element-20e659bd elementor-widget elementor-widget-text-editor\" data-id=\"20e659bd\" data-element_type=\"widget\" data-widget_type=\"text-editor.default\">\n\t\t\t\t<div class=\"elementor-widget-container\">\n\t\t\t\t\t\t\t\t\t<div id=\"chi-siamo\" class=\"row pagina\"><div class=\"col-md-6\">Metodi di Pagamento<\/div><div class=\"col-md-6\"><div class=\"row\"><div class=\"col-md-12\"><p><!--<\/p>\n<p align=\"justify\">Attraverso il marketplace ShopED Editoriale Domus propone, oltre all\u2019intero catalogo dei suoi prodotti e servizi, una vetrina di articoli selezionati dei migliori brand internazionali che vanno dai prodotti per la cura e la manutenzione dell\u2019auto agli oggetti e complementi di arredo di design, dagli strumenti per la cucina agli accessori per la moto e altro ancora. Sempre di elevata qualit\u00e0.<\/p>\n<p>--><\/p><\/div><\/div><\/div><\/div>\t\t\t\t\t\t\t\t<\/div>\n\t\t\t\t<\/div>\n\t\t\t\t<div class=\"elementor-element elementor-element-3550ad68 elementor-widget elementor-widget-text-editor\" data-id=\"3550ad68\" data-element_type=\"widget\" data-widget_type=\"text-editor.default\">\n\t\t\t\t<div class=\"elementor-widget-container\">\n\t\t\t\t\t\t\t\t\t<p>Per gli acquisti di prodotti fisici o digitali di tipo editoriale o di altra natura effettuati dall\u2019Italia o dall\u2019estero sono previste le seguenti modalit\u00e0 di pagamento:<\/p>\t\t\t\t\t\t\t\t<\/div>\n\t\t\t\t<\/div>\n\t\t\t\t<div class=\"elementor-element elementor-element-6b26044 elementor-widget elementor-widget-accordion\" data-id=\"6b26044\" data-element_type=\"widget\" data-widget_type=\"accordion.default\">\n\t\t\t\t<div class=\"elementor-widget-container\">\n\t\t\t\t\t\t\t<div class=\"elementor-accordion\">\n\t\t\t\t\t\t\t<div class=\"elementor-accordion-item\">\n\t\t\t\t\t<div id=\"elementor-tab-title-1121\" class=\"elementor-tab-title\" data-tab=\"1\" role=\"button\" aria-controls=\"elementor-tab-content-1121\" aria-expanded=\"false\">\n\t\t\t\t\t\t\t\t\t\t\t\t\t<span class=\"elementor-accordion-icon elementor-accordion-icon-right\" aria-hidden=\"true\">\n\t\t\t\t\t\t\t\t\t\t\t\t\t\t\t<span class=\"elementor-accordion-icon-closed\"><i class=\"fas fa-chevron-down\"><\/i><\/span>\n\t\t\t\t\t\t\t\t<span class=\"elementor-accordion-icon-opened\"><i class=\"fas fa-chevron-up\"><\/i><\/span>\n\t\t\t\t\t\t\t\t\t\t\t\t\t\t<\/span>\n\t\t\t\t\t\t\t\t\t\t\t\t<a class=\"elementor-accordion-title\" tabindex=\"0\"><i aria-hidden=\"true\" class=\"far fa-credit-card\"><\/i>&nbsp;&nbsp;Carta di credito<\/a>\n\t\t\t\t\t<\/div>\n\t\t\t\t\t<div id=\"elementor-tab-content-1121\" class=\"elementor-tab-content elementor-clearfix\" data-tab=\"1\" role=\"region\" aria-labelledby=\"elementor-tab-title-1121\"><p><small>Editoriale Domus non potr\u00e0 essere ritenuta responsabile dell\u2019eventuale uso fraudolento e illecito che possa essere fatto da parte di terzi di carte di credito all\u2019atto del pagamento dei prodotti acquistati. In nessun momento della procedura d\u2019acquisto Editoriale Domus \u00e8 infatti in grado di conoscere il numero di carta di credito dell\u2019acquirente che viene trasmesso tramite una connessione protetta direttamente alla societ\u00e0 Stripe, o alla Societ\u00e0 Paypal, gestori del servizio.<\/small><\/p><\/div>\n\t\t\t\t<\/div>\n\t\t\t\t\t\t\t\t<\/div>\n\t\t\t\t\t\t<\/div>\n\t\t\t\t<\/div>\n\t\t\t\t<div class=\"elementor-element elementor-element-314b336a elementor-widget elementor-widget-accordion\" data-id=\"314b336a\" data-element_type=\"widget\" data-widget_type=\"accordion.default\">\n\t\t\t\t<div class=\"elementor-widget-container\">\n\t\t\t\t\t\t\t<div class=\"elementor-accordion\">\n\t\t\t\t\t\t\t<div class=\"elementor-accordion-item\">\n\t\t\t\t\t<div id=\"elementor-tab-title-8271\" class=\"elementor-tab-title\" data-tab=\"1\" role=\"button\" aria-controls=\"elementor-tab-content-8271\" aria-expanded=\"false\">\n\t\t\t\t\t\t\t\t\t\t\t\t\t<span class=\"elementor-accordion-icon elementor-accordion-icon-right\" aria-hidden=\"true\">\n\t\t\t\t\t\t\t\t\t\t\t\t\t\t\t<span class=\"elementor-accordion-icon-closed\"><i class=\"fas fa-chevron-down\"><\/i><\/span>\n\t\t\t\t\t\t\t\t<span class=\"elementor-accordion-icon-opened\"><i class=\"fas fa-chevron-up\"><\/i><\/span>\n\t\t\t\t\t\t\t\t\t\t\t\t\t\t<\/span>\n\t\t\t\t\t\t\t\t\t\t\t\t<a class=\"elementor-accordion-title\" tabindex=\"0\"><svg xmlns=\"http:\/\/www.w3.org\/2000\/svg\" width=\"18px\" height=\"18px\" viewBox=\"0 0 24 24\" fill=\"none\"><path d=\"M3 9H21M6.2 19H17.8C18.9201 19 19.4802 19 19.908 18.782C20.2843 18.5903 20.5903 18.2843 20.782 17.908C21 17.4802 21 16.9201 21 15.8V8.2C21 7.0799 21 6.51984 20.782 6.09202C20.5903 5.71569 20.2843 5.40973 19.908 5.21799C19.4802 5 18.9201 5 17.8 5H6.2C5.0799 5 4.51984 5 4.09202 5.21799C3.71569 5.40973 3.40973 5.71569 3.21799 6.09202C3 6.51984 3 7.07989 3 8.2V15.8C3 16.9201 3 17.4802 3.21799 17.908C3.40973 18.2843 3.71569 18.5903 4.09202 18.782C4.51984 19 5.07989 19 6.2 19Z\" stroke=\"#000000\" stroke-width=\"2\" stroke-linecap=\"round\" stroke-linejoin=\"round\"><\/path><\/svg>&nbsp;&nbsp;Bollettino postale<\/a>\n\t\t\t\t\t<\/div>\n\t\t\t\t\t<div id=\"elementor-tab-content-8271\" class=\"elementor-tab-content elementor-clearfix\" data-tab=\"1\" role=\"region\" aria-labelledby=\"elementor-tab-title-8271\"><p><small>Versamento sul conto corrente postale n. 55953202 (per gli abbonamenti) e n. 668202 (per gli altri prodotti editoriali), intestato a Editoriale Domus S.p.A. via Gianni Mazzocchi 1\/3 20089 Rozzano (Mi). Modalit\u00e0 di pagamento valida solo per l\u2019Italia e non applicabile ai prodotti digitali.<\/small><\/p><\/div>\n\t\t\t\t<\/div>\n\t\t\t\t\t\t\t\t<\/div>\n\t\t\t\t\t\t<\/div>\n\t\t\t\t<\/div>\n\t\t\t\t<div class=\"elementor-element elementor-element-7e09ea33 elementor-widget elementor-widget-accordion\" data-id=\"7e09ea33\" data-element_type=\"widget\" data-widget_type=\"accordion.default\">\n\t\t\t\t<div class=\"elementor-widget-container\">\n\t\t\t\t\t\t\t<div class=\"elementor-accordion\">\n\t\t\t\t\t\t\t<div class=\"elementor-accordion-item\">\n\t\t\t\t\t<div id=\"elementor-tab-title-2111\" class=\"elementor-tab-title\" data-tab=\"1\" role=\"button\" aria-controls=\"elementor-tab-content-2111\" aria-expanded=\"false\">\n\t\t\t\t\t\t\t\t\t\t\t\t\t<span class=\"elementor-accordion-icon elementor-accordion-icon-right\" aria-hidden=\"true\">\n\t\t\t\t\t\t\t\t\t\t\t\t\t\t\t<span class=\"elementor-accordion-icon-closed\"><i class=\"fas fa-chevron-down\"><\/i><\/span>\n\t\t\t\t\t\t\t\t<span class=\"elementor-accordion-icon-opened\"><i class=\"fas fa-chevron-up\"><\/i><\/span>\n\t\t\t\t\t\t\t\t\t\t\t\t\t\t<\/span>\n\t\t\t\t\t\t\t\t\t\t\t\t<a class=\"elementor-accordion-title\" tabindex=\"0\"><svg xmlns=\"http:\/\/www.w3.org\/2000\/svg\" width=\"18\"  height=\"18\" viewBox=\"0 0 512 512\"><path d=\"M243.4 2.6l-224 96c-14 6-21.8 21-18.7 35.8S16.8 160 32 160v8c0 13.3 10.7 24 24 24H456c13.3 0 24-10.7 24-24v-8c15.2 0 28.3-10.7 31.3-25.6s-4.8-29.9-18.7-35.8l-224-96c-8-3.4-17.2-3.4-25.2 0zM128 224H64V420.3c-.6 .3-1.2 .7-1.8 1.1l-48 32c-11.7 7.8-17 22.4-12.9 35.9S17.9 512 32 512H480c14.1 0 26.5-9.2 30.6-22.7s-1.1-28.1-12.9-35.9l-48-32c-.6-.4-1.2-.7-1.8-1.1V224H384V416H344V224H280V416H232V224H168V416H128V224zM256 64a32 32 0 1 1 0 64 32 32 0 1 1 0-64z\"><\/path><\/svg>&nbsp;&nbsp;Bonifico bancario<\/a>\n\t\t\t\t\t<\/div>\n\t\t\t\t\t<div id=\"elementor-tab-content-2111\" class=\"elementor-tab-content elementor-clearfix\" data-tab=\"1\" role=\"region\" aria-labelledby=\"elementor-tab-title-2111\"><small>Da effettuare a favore di Editoriale Domus Spa, Via Gianni Mazzocchi 1\/3 20089 Rozzano (Milano) Unicredit, Filiale Milano Metropolitana \u2013 Via Marco D\u2019Aviano 5 20131 Milano, IBAN IT77X0200805364000104272924 SWIFT UNCRITMMORR. La causale da riportare il nome del prodotto e il destinatario dell\u2019acquisto. Modalit\u00e0 di pagamento non applicabile ai prodotti digitali.<\/small><\/div>\n\t\t\t\t<\/div>\n\t\t\t\t\t\t\t\t<\/div>\n\t\t\t\t\t\t<\/div>\n\t\t\t\t<\/div>\n\t\t\t\t<div class=\"elementor-element elementor-element-7f6dab22 elementor-widget elementor-widget-accordion\" data-id=\"7f6dab22\" data-element_type=\"widget\" data-widget_type=\"accordion.default\">\n\t\t\t\t<div class=\"elementor-widget-container\">\n\t\t\t\t\t\t\t<div class=\"elementor-accordion\">\n\t\t\t\t\t\t\t<div class=\"elementor-accordion-item\">\n\t\t\t\t\t<div id=\"elementor-tab-title-2131\" class=\"elementor-tab-title\" data-tab=\"1\" role=\"button\" aria-controls=\"elementor-tab-content-2131\" aria-expanded=\"false\">\n\t\t\t\t\t\t\t\t\t\t\t\t\t<span class=\"elementor-accordion-icon elementor-accordion-icon-right\" aria-hidden=\"true\">\n\t\t\t\t\t\t\t\t\t\t\t\t\t\t\t<span class=\"elementor-accordion-icon-closed\"><i class=\"fas fa-chevron-down\"><\/i><\/span>\n\t\t\t\t\t\t\t\t<span class=\"elementor-accordion-icon-opened\"><i class=\"fas fa-chevron-up\"><\/i><\/span>\n\t\t\t\t\t\t\t\t\t\t\t\t\t\t<\/span>\n\t\t\t\t\t\t\t\t\t\t\t\t<a class=\"elementor-accordion-title\" tabindex=\"0\"><i aria-hidden=\"true\" class=\"fas fa-money-bill-alt\"><\/i>&nbsp;&nbsp;Contanti<\/a>\n\t\t\t\t\t<\/div>\n\t\t\t\t\t<div id=\"elementor-tab-content-2131\" class=\"elementor-tab-content elementor-clearfix\" data-tab=\"1\" role=\"region\" aria-labelledby=\"elementor-tab-title-2131\"><small>Il pagamento potr\u00e0 essere eseguito esclusivamente in contanti (non sono accettati assegni bancari o circolari) direttamente al momento della consegna. \u00c8 necessario che ci sia qualcuno per il ritiro del pacco e il saldo dell\u2019importo. La modalit\u00e0 di pagamento in contrassegno \u00e8 disponibile solo per i prodotti cartacei in prenotazione e con un sovrapprezzo di 2,90\u20ac.<\/small><\/div>\n\t\t\t\t<\/div>\n\t\t\t\t\t\t\t\t<\/div>\n\t\t\t\t\t\t<\/div>\n\t\t\t\t<\/div>\n\t\t\t\t<div class=\"elementor-element elementor-element-3bc7d34c elementor-widget elementor-widget-accordion\" data-id=\"3bc7d34c\" data-element_type=\"widget\" data-widget_type=\"accordion.default\">\n\t\t\t\t<div class=\"elementor-widget-container\">\n\t\t\t\t\t\t\t<div class=\"elementor-accordion\">\n\t\t\t\t\t\t\t<div class=\"elementor-accordion-item\">\n\t\t\t\t\t<div id=\"elementor-tab-title-1001\" class=\"elementor-tab-title\" data-tab=\"1\" role=\"button\" aria-controls=\"elementor-tab-content-1001\" aria-expanded=\"false\">\n\t\t\t\t\t\t\t\t\t\t\t\t\t<span class=\"elementor-accordion-icon elementor-accordion-icon-right\" aria-hidden=\"true\">\n\t\t\t\t\t\t\t\t\t\t\t\t\t\t\t<span class=\"elementor-accordion-icon-closed\"><i class=\"fas fa-chevron-down\"><\/i><\/span>\n\t\t\t\t\t\t\t\t<span class=\"elementor-accordion-icon-opened\"><i class=\"fas fa-chevron-up\"><\/i><\/span>\n\t\t\t\t\t\t\t\t\t\t\t\t\t\t<\/span>\n\t\t\t\t\t\t\t\t\t\t\t\t<a class=\"elementor-accordion-title\" tabindex=\"0\"><i aria-hidden=\"true\" class=\"fab fa-paypal\"><\/i>&nbsp;&nbsp;Paypal<\/a>\n\t\t\t\t\t<\/div>\n\t\t\t\t\t<div id=\"elementor-tab-content-1001\" class=\"elementor-tab-content elementor-clearfix\" data-tab=\"1\" role=\"region\" aria-labelledby=\"elementor-tab-title-1001\"><p><small>E\u2019 un sistema di pagamento on-line che prevede l\u2019apertura di un conto PayPal. Scegliendo questa modalit\u00e0 di pagamento, l\u2019importo viene addebitato direttamente sul conto PayPal al momento dell\u2019acquisizione dell\u2019ordine. Editoriale Domus\u00a0non potr\u00e0 essere ritenuta responsabile dell\u2019eventuale uso fraudolento e illecito che possa essere fatto da parte di terzi del conto PayPal all\u2019atto del pagamento dei prodotti acquistati. Editoriale Domus non \u00e8 in alcun modo collegata a Paypal n\u00e9 tanto meno pu\u00f2 essere ricondotta a essa. Il pagamento ricorrente pu\u00f2 essere disattivato in ogni momento dall\u2019utente facendo riferimento alla societ\u00e0 PayPal.\u00a0PayPal \u00e8 l\u2019unico soggetto responsabile per eventuali disservizi relativi allo strumento di pagamento.\u00a0Per maggiori informazioni si rimanda a: PayPal \u2013\u00a0<a style=\"background-color: #ffffff;\" href=\"https:\/\/www.paypal.com\/it\/home\"><u>Condizioni d\u2019uso del servizio Paypal<\/u><\/a><\/small><\/p><\/div>\n\t\t\t\t<\/div>\n\t\t\t\t\t\t\t\t<\/div>\n\t\t\t\t\t\t<\/div>\n\t\t\t\t<\/div>\n\t\t\t\t\t<\/div>\n\t\t<\/div>\n\t\t\t\t\t<\/div>\n\t\t<\/section>\n\t\t\t\t<\/div>\n\t\t","protected":false},"excerpt":{"rendered":"<p>Metodi di Pagamento Per gli acquisti di prodotti fisici o digitali di tipo editoriale o di altra natura effettuati dall\u2019Italia o dall\u2019estero sono previste le seguenti modalit\u00e0 di pagamento: &nbsp;&nbsp;Carta di credito Editoriale Domus non potr\u00e0 essere ritenuta responsabile dell\u2019eventuale uso fraudolento e illecito che possa essere fatto da parte di terzi di carte di [&hellip;]<\/p>\n","protected":false},"author":4,"featured_media":0,"parent":0,"menu_order":0,"comment_status":"closed","ping_status":"closed","template":"","meta":{"_acf_changed":false,"footnotes":""},"class_list":["post-742","page","type-page","status-publish","hentry"],"acf":[],"yoast_head":"<!-- This site is optimized with the Yoast SEO plugin v25.9 - https:\/\/yoast.com\/wordpress\/plugins\/seo\/ -->\n<title>Metodi di Pagamento - ShopED - Editoriale Domus<\/title>\n<meta name=\"robots\" content=\"index, follow, max-snippet:-1, max-image-preview:large, max-video-preview:-1\" \/>\n<link rel=\"canonical\" href=\"https:\/\/www.shoped.it\/shop\/metodi-di-pagamento\/\" \/>\n<meta property=\"og:locale\" content=\"it_IT\" \/>\n<meta property=\"og:type\" content=\"article\" \/>\n<meta property=\"og:title\" content=\"Metodi di Pagamento - ShopED - Editoriale Domus\" \/>\n<meta property=\"og:description\" content=\"Metodi di Pagamento Per gli acquisti di prodotti fisici o digitali di tipo editoriale o di altra natura effettuati dall\u2019Italia o dall\u2019estero sono previste le seguenti modalit\u00e0 di pagamento: &nbsp;&nbsp;Carta di credito Editoriale Domus non potr\u00e0 essere ritenuta responsabile dell\u2019eventuale uso fraudolento e illecito che possa essere fatto da parte di terzi di carte di [&hellip;]\" \/>\n<meta property=\"og:url\" content=\"https:\/\/www.shoped.it\/shop\/metodi-di-pagamento\/\" \/>\n<meta property=\"og:site_name\" content=\"ShopED - Editoriale Domus\" \/>\n<meta property=\"article:modified_time\" content=\"2024-02-13T11:56:33+00:00\" \/>\n<meta name=\"twitter:card\" content=\"summary_large_image\" \/>\n<meta name=\"twitter:label1\" content=\"Tempo di lettura stimato\" \/>\n\t<meta name=\"twitter:data1\" content=\"2 minuti\" \/>\n<script type=\"application\/ld+json\" class=\"yoast-schema-graph\">{\"@context\":\"https:\/\/schema.org\",\"@graph\":[{\"@type\":\"WebPage\",\"@id\":\"https:\/\/www.shoped.it\/shop\/metodi-di-pagamento\/\",\"url\":\"https:\/\/www.shoped.it\/shop\/metodi-di-pagamento\/\",\"name\":\"Metodi di Pagamento - ShopED - Editoriale Domus\",\"isPartOf\":{\"@id\":\"https:\/\/www.shoped.it\/shop\/#website\"},\"datePublished\":\"2015-01-14T07:42:54+00:00\",\"dateModified\":\"2024-02-13T11:56:33+00:00\",\"breadcrumb\":{\"@id\":\"https:\/\/www.shoped.it\/shop\/metodi-di-pagamento\/#breadcrumb\"},\"inLanguage\":\"it-IT\",\"potentialAction\":[{\"@type\":\"ReadAction\",\"target\":[\"https:\/\/www.shoped.it\/shop\/metodi-di-pagamento\/\"]}]},{\"@type\":\"BreadcrumbList\",\"@id\":\"https:\/\/www.shoped.it\/shop\/metodi-di-pagamento\/#breadcrumb\",\"itemListElement\":[{\"@type\":\"ListItem\",\"position\":1,\"name\":\"Home\",\"item\":\"https:\/\/shoped.it\/shop\/\"},{\"@type\":\"ListItem\",\"position\":2,\"name\":\"Metodi di Pagamento\"}]},{\"@type\":\"WebSite\",\"@id\":\"https:\/\/www.shoped.it\/shop\/#website\",\"url\":\"https:\/\/www.shoped.it\/shop\/\",\"name\":\"ShopED - Editoriale Domus\",\"description\":\"lo shop on line di Editoriale Domus: tutti i prodotti di Domus, Quattroruote, Il Cucchiao d&#039;Argento, Meridiani, Meridiani Montagna, Dueruote, Ruoteclassiche, Tuttotrasporti XoffRoad, autopro, TopGear\",\"publisher\":{\"@id\":\"https:\/\/www.shoped.it\/shop\/#organization\"},\"potentialAction\":[{\"@type\":\"SearchAction\",\"target\":{\"@type\":\"EntryPoint\",\"urlTemplate\":\"https:\/\/www.shoped.it\/shop\/?s={search_term_string}\"},\"query-input\":{\"@type\":\"PropertyValueSpecification\",\"valueRequired\":true,\"valueName\":\"search_term_string\"}}],\"inLanguage\":\"it-IT\"},{\"@type\":\"Organization\",\"@id\":\"https:\/\/www.shoped.it\/shop\/#organization\",\"name\":\"Editoriale Domus\",\"url\":\"https:\/\/www.shoped.it\/shop\/\",\"logo\":{\"@type\":\"ImageObject\",\"inLanguage\":\"it-IT\",\"@id\":\"https:\/\/www.shoped.it\/shop\/#\/schema\/logo\/image\/\",\"url\":\"https:\/\/www.shoped.it\/shop\/wp-content\/uploads\/2018\/01\/logoshoped.png\",\"contentUrl\":\"https:\/\/www.shoped.it\/shop\/wp-content\/uploads\/2018\/01\/logoshoped.png\",\"width\":255,\"height\":80,\"caption\":\"Editoriale Domus\"},\"image\":{\"@id\":\"https:\/\/www.shoped.it\/shop\/#\/schema\/logo\/image\/\"}}]}<\/script>\n<!-- \/ Yoast SEO plugin. -->","yoast_head_json":{"title":"Metodi di Pagamento - ShopED - Editoriale Domus","robots":{"index":"index","follow":"follow","max-snippet":"max-snippet:-1","max-image-preview":"max-image-preview:large","max-video-preview":"max-video-preview:-1"},"canonical":"https:\/\/www.shoped.it\/shop\/metodi-di-pagamento\/","og_locale":"it_IT","og_type":"article","og_title":"Metodi di Pagamento - ShopED - Editoriale Domus","og_description":"Metodi di Pagamento Per gli acquisti di prodotti fisici o digitali di tipo editoriale o di altra natura effettuati dall\u2019Italia o dall\u2019estero sono previste le seguenti modalit\u00e0 di pagamento: &nbsp;&nbsp;Carta di credito Editoriale Domus non potr\u00e0 essere ritenuta responsabile dell\u2019eventuale uso fraudolento e illecito che possa essere fatto da parte di terzi di carte di [&hellip;]","og_url":"https:\/\/www.shoped.it\/shop\/metodi-di-pagamento\/","og_site_name":"ShopED - Editoriale Domus","article_modified_time":"2024-02-13T11:56:33+00:00","twitter_card":"summary_large_image","twitter_misc":{"Tempo di lettura stimato":"2 minuti"},"schema":{"@context":"https:\/\/schema.org","@graph":[{"@type":"WebPage","@id":"https:\/\/www.shoped.it\/shop\/metodi-di-pagamento\/","url":"https:\/\/www.shoped.it\/shop\/metodi-di-pagamento\/","name":"Metodi di Pagamento - ShopED - Editoriale Domus","isPartOf":{"@id":"https:\/\/www.shoped.it\/shop\/#website"},"datePublished":"2015-01-14T07:42:54+00:00","dateModified":"2024-02-13T11:56:33+00:00","breadcrumb":{"@id":"https:\/\/www.shoped.it\/shop\/metodi-di-pagamento\/#breadcrumb"},"inLanguage":"it-IT","potentialAction":[{"@type":"ReadAction","target":["https:\/\/www.shoped.it\/shop\/metodi-di-pagamento\/"]}]},{"@type":"BreadcrumbList","@id":"https:\/\/www.shoped.it\/shop\/metodi-di-pagamento\/#breadcrumb","itemListElement":[{"@type":"ListItem","position":1,"name":"Home","item":"https:\/\/shoped.it\/shop\/"},{"@type":"ListItem","position":2,"name":"Metodi di Pagamento"}]},{"@type":"WebSite","@id":"https:\/\/www.shoped.it\/shop\/#website","url":"https:\/\/www.shoped.it\/shop\/","name":"ShopED - Editoriale Domus","description":"lo shop on line di Editoriale Domus: tutti i prodotti di Domus, Quattroruote, Il Cucchiao d&#039;Argento, Meridiani, Meridiani Montagna, Dueruote, Ruoteclassiche, Tuttotrasporti XoffRoad, autopro, TopGear","publisher":{"@id":"https:\/\/www.shoped.it\/shop\/#organization"},"potentialAction":[{"@type":"SearchAction","target":{"@type":"EntryPoint","urlTemplate":"https:\/\/www.shoped.it\/shop\/?s={search_term_string}"},"query-input":{"@type":"PropertyValueSpecification","valueRequired":true,"valueName":"search_term_string"}}],"inLanguage":"it-IT"},{"@type":"Organization","@id":"https:\/\/www.shoped.it\/shop\/#organization","name":"Editoriale Domus","url":"https:\/\/www.shoped.it\/shop\/","logo":{"@type":"ImageObject","inLanguage":"it-IT","@id":"https:\/\/www.shoped.it\/shop\/#\/schema\/logo\/image\/","url":"https:\/\/www.shoped.it\/shop\/wp-content\/uploads\/2018\/01\/logoshoped.png","contentUrl":"https:\/\/www.shoped.it\/shop\/wp-content\/uploads\/2018\/01\/logoshoped.png","width":255,"height":80,"caption":"Editoriale Domus"},"image":{"@id":"https:\/\/www.shoped.it\/shop\/#\/schema\/logo\/image\/"}}]}},"_links":{"self":[{"href":"https:\/\/shoped.it\/shop\/wp-json\/wp\/v2\/pages\/742","targetHints":{"allow":["GET"]}}],"collection":[{"href":"https:\/\/shoped.it\/shop\/wp-json\/wp\/v2\/pages"}],"about":[{"href":"https:\/\/shoped.it\/shop\/wp-json\/wp\/v2\/types\/page"}],"author":[{"embeddable":true,"href":"https:\/\/shoped.it\/shop\/wp-json\/wp\/v2\/users\/4"}],"replies":[{"embeddable":true,"href":"https:\/\/shoped.it\/shop\/wp-json\/wp\/v2\/comments?post=742"}],"version-history":[{"count":0,"href":"https:\/\/shoped.it\/shop\/wp-json\/wp\/v2\/pages\/742\/revisions"}],"wp:attachment":[{"href":"https:\/\/shoped.it\/shop\/wp-json\/wp\/v2\/media?parent=742"}],"curies":[{"name":"wp","href":"https:\/\/api.w.org\/{rel}","templated":true}]}}