{"id":128905,"date":"2018-11-29T01:12:03","date_gmt":"2018-11-29T00:12:03","guid":{"rendered":"https:\/\/abbonati.shoped.it\/shop\/?post_type=product&#038;p=128905"},"modified":"2026-04-08T06:15:39","modified_gmt":"2026-04-08T04:15:39","slug":"quattroruote-n-0772-dicembre-2019-digitale","status":"publish","type":"product","link":"https:\/\/shoped.it\/shop\/prodotto\/quattroruote-n-0772-dicembre-2019-digitale\/","title":{"rendered":"Quattroruote N. 0772 Dicembre 2019 &#8211; Digitale"},"content":{"rendered":"","protected":false},"excerpt":{"rendered":"<p>SOMMARIO: Primo piano 8 La fusione del secolo\/1 Les jeux sont faits 12 La fusione del secolo\/2 Cura Tavares per FCA Storie d&#8217;auto 21 Esoscheletri Che la forza sia con te 22 Car economy Azienda Italia sotto al tacco 24 Scenari La propriet\u00e0 \u00e8 morta, viva la propriet\u00e0 26 Analisi Car sharing, mito in bilico [&hellip;]<\/p>\n","protected":false},"featured_media":537467,"template":"","meta":{"_acf_changed":false},"product_brand":[],"product_cat":[36],"product_tag":[],"class_list":{"0":"post-128905","1":"product","2":"type-product","3":"status-publish","4":"has-post-thumbnail","6":"product_cat-quattroruote-riviste","7":"pa_anno_pubblicazione-31958","8":"pa_formato-24-digitale","9":"pa_mese_pubblicazione-13-12","10":"pa_testata-25-quattroruote","11":"pa_tipo_acquisto-rivista","13":"first","14":"instock","15":"virtual","16":"purchasable","17":"product-type-simple"},"acf":[],"yoast_head":"<!-- This site is optimized with the Yoast SEO plugin v25.9 - https:\/\/yoast.com\/wordpress\/plugins\/seo\/ -->\n<title>Quattroruote N. 0772 Dicembre 2019 - Digitale - ShopED - Editoriale Domus<\/title>\n<meta name=\"robots\" content=\"index, follow, max-snippet:-1, max-image-preview:large, max-video-preview:-1\" \/>\n<link rel=\"canonical\" href=\"https:\/\/www.shoped.it\/shop\/prodotto\/quattroruote-n-0772-dicembre-2019-digitale\/\" \/>\n<meta property=\"og:locale\" content=\"it_IT\" \/>\n<meta property=\"og:type\" content=\"article\" \/>\n<meta property=\"og:title\" content=\"Quattroruote N. 0772 Dicembre 2019 - Digitale - ShopED - Editoriale Domus\" \/>\n<meta property=\"og:description\" content=\"SOMMARIO: Primo piano 8 La fusione del secolo\/1 Les jeux sont faits 12 La fusione del secolo\/2 Cura Tavares per FCA Storie d&#8217;auto 21 Esoscheletri Che la forza sia con te 22 Car economy Azienda Italia sotto al tacco 24 Scenari La propriet\u00e0 \u00e8 morta, viva la propriet\u00e0 26 Analisi Car sharing, mito in bilico [&hellip;]\" \/>\n<meta property=\"og:url\" content=\"https:\/\/www.shoped.it\/shop\/prodotto\/quattroruote-n-0772-dicembre-2019-digitale\/\" \/>\n<meta property=\"og:site_name\" content=\"ShopED - Editoriale Domus\" \/>\n<meta property=\"article:modified_time\" content=\"2026-04-08T04:15:39+00:00\" \/>\n<meta property=\"og:image\" content=\"https:\/\/www.shoped.it\/shop\/wp-content\/uploads\/2019\/12\/QRT1912DIG.jpg\" \/>\n\t<meta property=\"og:image:width\" content=\"1000\" \/>\n\t<meta property=\"og:image:height\" content=\"1324\" \/>\n\t<meta property=\"og:image:type\" content=\"image\/jpeg\" \/>\n<meta name=\"twitter:card\" content=\"summary_large_image\" \/>\n<meta name=\"twitter:label1\" content=\"Tempo di lettura stimato\" \/>\n\t<meta name=\"twitter:data1\" content=\"2 minuti\" \/>\n<script type=\"application\/ld+json\" class=\"yoast-schema-graph\">{\"@context\":\"https:\/\/schema.org\",\"@graph\":[{\"@type\":\"WebPage\",\"@id\":\"https:\/\/www.shoped.it\/shop\/prodotto\/quattroruote-n-0772-dicembre-2019-digitale\/\",\"url\":\"https:\/\/www.shoped.it\/shop\/prodotto\/quattroruote-n-0772-dicembre-2019-digitale\/\",\"name\":\"Quattroruote N. 0772 Dicembre 2019 - Digitale - ShopED - Editoriale Domus\",\"isPartOf\":{\"@id\":\"https:\/\/www.shoped.it\/shop\/#website\"},\"primaryImageOfPage\":{\"@id\":\"https:\/\/www.shoped.it\/shop\/prodotto\/quattroruote-n-0772-dicembre-2019-digitale\/#primaryimage\"},\"image\":{\"@id\":\"https:\/\/www.shoped.it\/shop\/prodotto\/quattroruote-n-0772-dicembre-2019-digitale\/#primaryimage\"},\"thumbnailUrl\":\"https:\/\/shoped.it\/shop\/wp-content\/uploads\/2019\/12\/QRT1912DIG.jpg\",\"datePublished\":\"2018-11-29T00:12:03+00:00\",\"dateModified\":\"2026-04-08T04:15:39+00:00\",\"breadcrumb\":{\"@id\":\"https:\/\/www.shoped.it\/shop\/prodotto\/quattroruote-n-0772-dicembre-2019-digitale\/#breadcrumb\"},\"inLanguage\":\"it-IT\",\"potentialAction\":[{\"@type\":\"ReadAction\",\"target\":[\"https:\/\/www.shoped.it\/shop\/prodotto\/quattroruote-n-0772-dicembre-2019-digitale\/\"]}]},{\"@type\":\"ImageObject\",\"inLanguage\":\"it-IT\",\"@id\":\"https:\/\/www.shoped.it\/shop\/prodotto\/quattroruote-n-0772-dicembre-2019-digitale\/#primaryimage\",\"url\":\"https:\/\/shoped.it\/shop\/wp-content\/uploads\/2019\/12\/QRT1912DIG.jpg\",\"contentUrl\":\"https:\/\/shoped.it\/shop\/wp-content\/uploads\/2019\/12\/QRT1912DIG.jpg\",\"width\":1000,\"height\":1324},{\"@type\":\"BreadcrumbList\",\"@id\":\"https:\/\/www.shoped.it\/shop\/prodotto\/quattroruote-n-0772-dicembre-2019-digitale\/#breadcrumb\",\"itemListElement\":[{\"@type\":\"ListItem\",\"position\":1,\"name\":\"Home\",\"item\":\"https:\/\/shoped.it\/shop\/\"},{\"@type\":\"ListItem\",\"position\":2,\"name\":\"Shop\",\"item\":\"https:\/\/shoped.it\/shop\/negozio\/\"},{\"@type\":\"ListItem\",\"position\":3,\"name\":\"Arretrati\",\"item\":\"https:\/\/shoped.it\/shop\/categoria-prodotto\/riviste\/\"},{\"@type\":\"ListItem\",\"position\":4,\"name\":\"Arretrati Quattroruote\",\"item\":\"https:\/\/shoped.it\/shop\/categoria-prodotto\/riviste\/quattroruote-riviste\/\"},{\"@type\":\"ListItem\",\"position\":5,\"name\":\"Quattroruote N. 0772 Dicembre 2019 &#8211; Digitale\"}]},{\"@type\":\"WebSite\",\"@id\":\"https:\/\/www.shoped.it\/shop\/#website\",\"url\":\"https:\/\/www.shoped.it\/shop\/\",\"name\":\"ShopED - Editoriale Domus\",\"description\":\"lo shop on line di Editoriale Domus: tutti i prodotti di Domus, Quattroruote, Il Cucchiao d&#039;Argento, Meridiani, Meridiani Montagna, Dueruote, Ruoteclassiche, Tuttotrasporti XoffRoad, autopro, TopGear\",\"publisher\":{\"@id\":\"https:\/\/www.shoped.it\/shop\/#organization\"},\"potentialAction\":[{\"@type\":\"SearchAction\",\"target\":{\"@type\":\"EntryPoint\",\"urlTemplate\":\"https:\/\/www.shoped.it\/shop\/?s={search_term_string}\"},\"query-input\":{\"@type\":\"PropertyValueSpecification\",\"valueRequired\":true,\"valueName\":\"search_term_string\"}}],\"inLanguage\":\"it-IT\"},{\"@type\":\"Organization\",\"@id\":\"https:\/\/www.shoped.it\/shop\/#organization\",\"name\":\"Editoriale Domus\",\"url\":\"https:\/\/www.shoped.it\/shop\/\",\"logo\":{\"@type\":\"ImageObject\",\"inLanguage\":\"it-IT\",\"@id\":\"https:\/\/www.shoped.it\/shop\/#\/schema\/logo\/image\/\",\"url\":\"https:\/\/www.shoped.it\/shop\/wp-content\/uploads\/2018\/01\/logoshoped.png\",\"contentUrl\":\"https:\/\/www.shoped.it\/shop\/wp-content\/uploads\/2018\/01\/logoshoped.png\",\"width\":255,\"height\":80,\"caption\":\"Editoriale Domus\"},\"image\":{\"@id\":\"https:\/\/www.shoped.it\/shop\/#\/schema\/logo\/image\/\"}}]}<\/script>\n<!-- \/ Yoast SEO plugin. -->","yoast_head_json":{"title":"Quattroruote N. 0772 Dicembre 2019 - Digitale - ShopED - Editoriale Domus","robots":{"index":"index","follow":"follow","max-snippet":"max-snippet:-1","max-image-preview":"max-image-preview:large","max-video-preview":"max-video-preview:-1"},"canonical":"https:\/\/www.shoped.it\/shop\/prodotto\/quattroruote-n-0772-dicembre-2019-digitale\/","og_locale":"it_IT","og_type":"article","og_title":"Quattroruote N. 0772 Dicembre 2019 - Digitale - ShopED - Editoriale Domus","og_description":"SOMMARIO: Primo piano 8 La fusione del secolo\/1 Les jeux sont faits 12 La fusione del secolo\/2 Cura Tavares per FCA Storie d&#8217;auto 21 Esoscheletri Che la forza sia con te 22 Car economy Azienda Italia sotto al tacco 24 Scenari La propriet\u00e0 \u00e8 morta, viva la propriet\u00e0 26 Analisi Car sharing, mito in bilico [&hellip;]","og_url":"https:\/\/www.shoped.it\/shop\/prodotto\/quattroruote-n-0772-dicembre-2019-digitale\/","og_site_name":"ShopED - Editoriale Domus","article_modified_time":"2026-04-08T04:15:39+00:00","og_image":[{"width":1000,"height":1324,"url":"https:\/\/www.shoped.it\/shop\/wp-content\/uploads\/2019\/12\/QRT1912DIG.jpg","type":"image\/jpeg"}],"twitter_card":"summary_large_image","twitter_misc":{"Tempo di lettura stimato":"2 minuti"},"schema":{"@context":"https:\/\/schema.org","@graph":[{"@type":"WebPage","@id":"https:\/\/www.shoped.it\/shop\/prodotto\/quattroruote-n-0772-dicembre-2019-digitale\/","url":"https:\/\/www.shoped.it\/shop\/prodotto\/quattroruote-n-0772-dicembre-2019-digitale\/","name":"Quattroruote N. 0772 Dicembre 2019 - Digitale - ShopED - Editoriale Domus","isPartOf":{"@id":"https:\/\/www.shoped.it\/shop\/#website"},"primaryImageOfPage":{"@id":"https:\/\/www.shoped.it\/shop\/prodotto\/quattroruote-n-0772-dicembre-2019-digitale\/#primaryimage"},"image":{"@id":"https:\/\/www.shoped.it\/shop\/prodotto\/quattroruote-n-0772-dicembre-2019-digitale\/#primaryimage"},"thumbnailUrl":"https:\/\/shoped.it\/shop\/wp-content\/uploads\/2019\/12\/QRT1912DIG.jpg","datePublished":"2018-11-29T00:12:03+00:00","dateModified":"2026-04-08T04:15:39+00:00","breadcrumb":{"@id":"https:\/\/www.shoped.it\/shop\/prodotto\/quattroruote-n-0772-dicembre-2019-digitale\/#breadcrumb"},"inLanguage":"it-IT","potentialAction":[{"@type":"ReadAction","target":["https:\/\/www.shoped.it\/shop\/prodotto\/quattroruote-n-0772-dicembre-2019-digitale\/"]}]},{"@type":"ImageObject","inLanguage":"it-IT","@id":"https:\/\/www.shoped.it\/shop\/prodotto\/quattroruote-n-0772-dicembre-2019-digitale\/#primaryimage","url":"https:\/\/shoped.it\/shop\/wp-content\/uploads\/2019\/12\/QRT1912DIG.jpg","contentUrl":"https:\/\/shoped.it\/shop\/wp-content\/uploads\/2019\/12\/QRT1912DIG.jpg","width":1000,"height":1324},{"@type":"BreadcrumbList","@id":"https:\/\/www.shoped.it\/shop\/prodotto\/quattroruote-n-0772-dicembre-2019-digitale\/#breadcrumb","itemListElement":[{"@type":"ListItem","position":1,"name":"Home","item":"https:\/\/shoped.it\/shop\/"},{"@type":"ListItem","position":2,"name":"Shop","item":"https:\/\/shoped.it\/shop\/negozio\/"},{"@type":"ListItem","position":3,"name":"Arretrati","item":"https:\/\/shoped.it\/shop\/categoria-prodotto\/riviste\/"},{"@type":"ListItem","position":4,"name":"Arretrati Quattroruote","item":"https:\/\/shoped.it\/shop\/categoria-prodotto\/riviste\/quattroruote-riviste\/"},{"@type":"ListItem","position":5,"name":"Quattroruote N. 0772 Dicembre 2019 &#8211; Digitale"}]},{"@type":"WebSite","@id":"https:\/\/www.shoped.it\/shop\/#website","url":"https:\/\/www.shoped.it\/shop\/","name":"ShopED - Editoriale Domus","description":"lo shop on line di Editoriale Domus: tutti i prodotti di Domus, Quattroruote, Il Cucchiao d&#039;Argento, Meridiani, Meridiani Montagna, Dueruote, Ruoteclassiche, Tuttotrasporti XoffRoad, autopro, TopGear","publisher":{"@id":"https:\/\/www.shoped.it\/shop\/#organization"},"potentialAction":[{"@type":"SearchAction","target":{"@type":"EntryPoint","urlTemplate":"https:\/\/www.shoped.it\/shop\/?s={search_term_string}"},"query-input":{"@type":"PropertyValueSpecification","valueRequired":true,"valueName":"search_term_string"}}],"inLanguage":"it-IT"},{"@type":"Organization","@id":"https:\/\/www.shoped.it\/shop\/#organization","name":"Editoriale Domus","url":"https:\/\/www.shoped.it\/shop\/","logo":{"@type":"ImageObject","inLanguage":"it-IT","@id":"https:\/\/www.shoped.it\/shop\/#\/schema\/logo\/image\/","url":"https:\/\/www.shoped.it\/shop\/wp-content\/uploads\/2018\/01\/logoshoped.png","contentUrl":"https:\/\/www.shoped.it\/shop\/wp-content\/uploads\/2018\/01\/logoshoped.png","width":255,"height":80,"caption":"Editoriale Domus"},"image":{"@id":"https:\/\/www.shoped.it\/shop\/#\/schema\/logo\/image\/"}}]}},"_links":{"self":[{"href":"https:\/\/shoped.it\/shop\/wp-json\/wp\/v2\/product\/128905","targetHints":{"allow":["GET"]}}],"collection":[{"href":"https:\/\/shoped.it\/shop\/wp-json\/wp\/v2\/product"}],"about":[{"href":"https:\/\/shoped.it\/shop\/wp-json\/wp\/v2\/types\/product"}],"wp:featuredmedia":[{"embeddable":true,"href":"https:\/\/shoped.it\/shop\/wp-json\/wp\/v2\/media\/537467"}],"wp:attachment":[{"href":"https:\/\/shoped.it\/shop\/wp-json\/wp\/v2\/media?parent=128905"}],"wp:term":[{"taxonomy":"product_brand","embeddable":true,"href":"https:\/\/shoped.it\/shop\/wp-json\/wp\/v2\/product_brand?post=128905"},{"taxonomy":"product_cat","embeddable":true,"href":"https:\/\/shoped.it\/shop\/wp-json\/wp\/v2\/product_cat?post=128905"},{"taxonomy":"product_tag","embeddable":true,"href":"https:\/\/shoped.it\/shop\/wp-json\/wp\/v2\/product_tag?post=128905"}],"curies":[{"name":"wp","href":"https:\/\/api.w.org\/{rel}","templated":true}]}}