{"id":1607217,"date":"2021-04-14T06:03:12","date_gmt":"2021-04-14T04:03:12","guid":{"rendered":"https:\/\/abbonati.shoped.it\/shop\/?post_type=product&#038;p=1607217"},"modified":"2026-04-12T04:32:35","modified_gmt":"2026-04-12T02:32:35","slug":"abbonamento-meridiani-montagne-1-anno","status":"publish","type":"product","link":"https:\/\/shoped.it\/shop\/prodotto\/abbonamento-meridiani-montagne-1-anno\/","title":{"rendered":"Abbonamento Meridiani Montagne (1 anno)"},"content":{"rendered":"","protected":false},"excerpt":{"rendered":"<p>Con Montagne sogna le tue prossime vette! Meridiani Montagne \u00e8 la rivista di montagna e di cultura alpina pi\u00f9 diffusa e amata in Italia. Ogni monografia accompagna con passione alla scoperta delle pi\u00f9 belle cime dell&#8217;arco alpino, un territorio che custodisce molteplici identit\u00e0 culturali, ambientali, naturalistiche ed etnografiche, tradizioni e storie senza tempo. In pi\u00f9, [&hellip;]<\/p>\n","protected":false},"featured_media":1680585,"template":"","meta":{"_acf_changed":false},"product_brand":[],"product_cat":[32348,31522,31561,31535],"product_tag":[],"class_list":{"0":"post-1607217","1":"product","2":"type-product","3":"status-publish","4":"has-post-thumbnail","6":"product_cat-intermediario-tlmk-mrm-2021","7":"product_cat-pagine-nascoste","8":"product_cat-abbonamenti-pagine-nascoste","9":"product_cat-intermediario","10":"pa_formato-20-carta","11":"pa_numeri_anno-49-6","12":"pa_supporto-carta","13":"pa_testata-meridiani-montagne","14":"pa_tipo-prodotto-abbonamento","16":"first","17":"instock","18":"sale","19":"sold-individually","20":"purchasable","21":"product-type-simple"},"acf":[],"yoast_head":"<!-- This site is optimized with the Yoast SEO plugin v25.9 - https:\/\/yoast.com\/wordpress\/plugins\/seo\/ -->\n<title>Abbonamento Meridiani Montagne (1 anno) - ShopED - Editoriale Domus<\/title>\n<meta name=\"robots\" content=\"index, follow, max-snippet:-1, max-image-preview:large, max-video-preview:-1\" \/>\n<link rel=\"canonical\" href=\"https:\/\/www.shoped.it\/shop\/prodotto\/abbonamento-meridiani-montagne-1-anno\/\" \/>\n<meta property=\"og:locale\" content=\"it_IT\" \/>\n<meta property=\"og:type\" content=\"article\" \/>\n<meta property=\"og:title\" content=\"Abbonamento Meridiani Montagne (1 anno) - ShopED - Editoriale Domus\" \/>\n<meta property=\"og:description\" content=\"Con Montagne sogna le tue prossime vette! Meridiani Montagne \u00e8 la rivista di montagna e di cultura alpina pi\u00f9 diffusa e amata in Italia. Ogni monografia accompagna con passione alla scoperta delle pi\u00f9 belle cime dell&#8217;arco alpino, un territorio che custodisce molteplici identit\u00e0 culturali, ambientali, naturalistiche ed etnografiche, tradizioni e storie senza tempo. In pi\u00f9, [&hellip;]\" \/>\n<meta property=\"og:url\" content=\"https:\/\/www.shoped.it\/shop\/prodotto\/abbonamento-meridiani-montagne-1-anno\/\" \/>\n<meta property=\"og:site_name\" content=\"ShopED - Editoriale Domus\" \/>\n<meta property=\"article:modified_time\" content=\"2026-04-12T02:32:35+00:00\" \/>\n<meta property=\"og:image\" content=\"https:\/\/www.shoped.it\/shop\/wp-content\/uploads\/2017\/10\/IMMAGINE-X-SHOPED-MRM-ABBO-CARTACEO-576X618-PX-RAF-01-1-e1634818671452.webp\" \/>\n\t<meta property=\"og:image:width\" content=\"450\" \/>\n\t<meta property=\"og:image:height\" content=\"483\" \/>\n\t<meta property=\"og:image:type\" content=\"image\/webp\" \/>\n<meta name=\"twitter:card\" content=\"summary_large_image\" \/>\n<script type=\"application\/ld+json\" class=\"yoast-schema-graph\">{\"@context\":\"https:\/\/schema.org\",\"@graph\":[{\"@type\":\"WebPage\",\"@id\":\"https:\/\/www.shoped.it\/shop\/prodotto\/abbonamento-meridiani-montagne-1-anno\/\",\"url\":\"https:\/\/www.shoped.it\/shop\/prodotto\/abbonamento-meridiani-montagne-1-anno\/\",\"name\":\"Abbonamento Meridiani Montagne (1 anno) - ShopED - Editoriale Domus\",\"isPartOf\":{\"@id\":\"https:\/\/www.shoped.it\/shop\/#website\"},\"primaryImageOfPage\":{\"@id\":\"https:\/\/www.shoped.it\/shop\/prodotto\/abbonamento-meridiani-montagne-1-anno\/#primaryimage\"},\"image\":{\"@id\":\"https:\/\/www.shoped.it\/shop\/prodotto\/abbonamento-meridiani-montagne-1-anno\/#primaryimage\"},\"thumbnailUrl\":\"https:\/\/shoped.it\/shop\/wp-content\/uploads\/2017\/10\/IMMAGINE-X-SHOPED-MRM-ABBO-CARTACEO-576X618-PX-RAF-01-1-e1634818671452.webp\",\"datePublished\":\"2021-04-14T04:03:12+00:00\",\"dateModified\":\"2026-04-12T02:32:35+00:00\",\"breadcrumb\":{\"@id\":\"https:\/\/www.shoped.it\/shop\/prodotto\/abbonamento-meridiani-montagne-1-anno\/#breadcrumb\"},\"inLanguage\":\"it-IT\",\"potentialAction\":[{\"@type\":\"ReadAction\",\"target\":[\"https:\/\/www.shoped.it\/shop\/prodotto\/abbonamento-meridiani-montagne-1-anno\/\"]}]},{\"@type\":\"ImageObject\",\"inLanguage\":\"it-IT\",\"@id\":\"https:\/\/www.shoped.it\/shop\/prodotto\/abbonamento-meridiani-montagne-1-anno\/#primaryimage\",\"url\":\"https:\/\/shoped.it\/shop\/wp-content\/uploads\/2017\/10\/IMMAGINE-X-SHOPED-MRM-ABBO-CARTACEO-576X618-PX-RAF-01-1-e1634818671452.webp\",\"contentUrl\":\"https:\/\/shoped.it\/shop\/wp-content\/uploads\/2017\/10\/IMMAGINE-X-SHOPED-MRM-ABBO-CARTACEO-576X618-PX-RAF-01-1-e1634818671452.webp\",\"width\":450,\"height\":483,\"caption\":\"Cover meridiani montagne\"},{\"@type\":\"BreadcrumbList\",\"@id\":\"https:\/\/www.shoped.it\/shop\/prodotto\/abbonamento-meridiani-montagne-1-anno\/#breadcrumb\",\"itemListElement\":[{\"@type\":\"ListItem\",\"position\":1,\"name\":\"Home\",\"item\":\"https:\/\/shoped.it\/shop\/\"},{\"@type\":\"ListItem\",\"position\":2,\"name\":\"Shop\",\"item\":\"https:\/\/shoped.it\/shop\/negozio\/\"},{\"@type\":\"ListItem\",\"position\":3,\"name\":\"Pagine Nascoste\",\"item\":\"https:\/\/shoped.it\/shop\/categoria-prodotto\/pagine-nascoste\/\"},{\"@type\":\"ListItem\",\"position\":4,\"name\":\"Abbonamento Meridiani Montagne (1 anno)\"}]},{\"@type\":\"WebSite\",\"@id\":\"https:\/\/www.shoped.it\/shop\/#website\",\"url\":\"https:\/\/www.shoped.it\/shop\/\",\"name\":\"ShopED - Editoriale Domus\",\"description\":\"lo shop on line di Editoriale Domus: tutti i prodotti di Domus, Quattroruote, Il Cucchiao d&#039;Argento, Meridiani, Meridiani Montagna, Dueruote, Ruoteclassiche, Tuttotrasporti XoffRoad, autopro, TopGear\",\"publisher\":{\"@id\":\"https:\/\/www.shoped.it\/shop\/#organization\"},\"potentialAction\":[{\"@type\":\"SearchAction\",\"target\":{\"@type\":\"EntryPoint\",\"urlTemplate\":\"https:\/\/www.shoped.it\/shop\/?s={search_term_string}\"},\"query-input\":{\"@type\":\"PropertyValueSpecification\",\"valueRequired\":true,\"valueName\":\"search_term_string\"}}],\"inLanguage\":\"it-IT\"},{\"@type\":\"Organization\",\"@id\":\"https:\/\/www.shoped.it\/shop\/#organization\",\"name\":\"Editoriale Domus\",\"url\":\"https:\/\/www.shoped.it\/shop\/\",\"logo\":{\"@type\":\"ImageObject\",\"inLanguage\":\"it-IT\",\"@id\":\"https:\/\/www.shoped.it\/shop\/#\/schema\/logo\/image\/\",\"url\":\"https:\/\/www.shoped.it\/shop\/wp-content\/uploads\/2018\/01\/logoshoped.png\",\"contentUrl\":\"https:\/\/www.shoped.it\/shop\/wp-content\/uploads\/2018\/01\/logoshoped.png\",\"width\":255,\"height\":80,\"caption\":\"Editoriale Domus\"},\"image\":{\"@id\":\"https:\/\/www.shoped.it\/shop\/#\/schema\/logo\/image\/\"}}]}<\/script>\n<!-- \/ Yoast SEO plugin. -->","yoast_head_json":{"title":"Abbonamento Meridiani Montagne (1 anno) - ShopED - Editoriale Domus","robots":{"index":"index","follow":"follow","max-snippet":"max-snippet:-1","max-image-preview":"max-image-preview:large","max-video-preview":"max-video-preview:-1"},"canonical":"https:\/\/www.shoped.it\/shop\/prodotto\/abbonamento-meridiani-montagne-1-anno\/","og_locale":"it_IT","og_type":"article","og_title":"Abbonamento Meridiani Montagne (1 anno) - ShopED - Editoriale Domus","og_description":"Con Montagne sogna le tue prossime vette! Meridiani Montagne \u00e8 la rivista di montagna e di cultura alpina pi\u00f9 diffusa e amata in Italia. Ogni monografia accompagna con passione alla scoperta delle pi\u00f9 belle cime dell&#8217;arco alpino, un territorio che custodisce molteplici identit\u00e0 culturali, ambientali, naturalistiche ed etnografiche, tradizioni e storie senza tempo. In pi\u00f9, [&hellip;]","og_url":"https:\/\/www.shoped.it\/shop\/prodotto\/abbonamento-meridiani-montagne-1-anno\/","og_site_name":"ShopED - Editoriale Domus","article_modified_time":"2026-04-12T02:32:35+00:00","og_image":[{"width":450,"height":483,"url":"https:\/\/www.shoped.it\/shop\/wp-content\/uploads\/2017\/10\/IMMAGINE-X-SHOPED-MRM-ABBO-CARTACEO-576X618-PX-RAF-01-1-e1634818671452.webp","type":"image\/webp"}],"twitter_card":"summary_large_image","schema":{"@context":"https:\/\/schema.org","@graph":[{"@type":"WebPage","@id":"https:\/\/www.shoped.it\/shop\/prodotto\/abbonamento-meridiani-montagne-1-anno\/","url":"https:\/\/www.shoped.it\/shop\/prodotto\/abbonamento-meridiani-montagne-1-anno\/","name":"Abbonamento Meridiani Montagne (1 anno) - ShopED - Editoriale Domus","isPartOf":{"@id":"https:\/\/www.shoped.it\/shop\/#website"},"primaryImageOfPage":{"@id":"https:\/\/www.shoped.it\/shop\/prodotto\/abbonamento-meridiani-montagne-1-anno\/#primaryimage"},"image":{"@id":"https:\/\/www.shoped.it\/shop\/prodotto\/abbonamento-meridiani-montagne-1-anno\/#primaryimage"},"thumbnailUrl":"https:\/\/shoped.it\/shop\/wp-content\/uploads\/2017\/10\/IMMAGINE-X-SHOPED-MRM-ABBO-CARTACEO-576X618-PX-RAF-01-1-e1634818671452.webp","datePublished":"2021-04-14T04:03:12+00:00","dateModified":"2026-04-12T02:32:35+00:00","breadcrumb":{"@id":"https:\/\/www.shoped.it\/shop\/prodotto\/abbonamento-meridiani-montagne-1-anno\/#breadcrumb"},"inLanguage":"it-IT","potentialAction":[{"@type":"ReadAction","target":["https:\/\/www.shoped.it\/shop\/prodotto\/abbonamento-meridiani-montagne-1-anno\/"]}]},{"@type":"ImageObject","inLanguage":"it-IT","@id":"https:\/\/www.shoped.it\/shop\/prodotto\/abbonamento-meridiani-montagne-1-anno\/#primaryimage","url":"https:\/\/shoped.it\/shop\/wp-content\/uploads\/2017\/10\/IMMAGINE-X-SHOPED-MRM-ABBO-CARTACEO-576X618-PX-RAF-01-1-e1634818671452.webp","contentUrl":"https:\/\/shoped.it\/shop\/wp-content\/uploads\/2017\/10\/IMMAGINE-X-SHOPED-MRM-ABBO-CARTACEO-576X618-PX-RAF-01-1-e1634818671452.webp","width":450,"height":483,"caption":"Cover meridiani montagne"},{"@type":"BreadcrumbList","@id":"https:\/\/www.shoped.it\/shop\/prodotto\/abbonamento-meridiani-montagne-1-anno\/#breadcrumb","itemListElement":[{"@type":"ListItem","position":1,"name":"Home","item":"https:\/\/shoped.it\/shop\/"},{"@type":"ListItem","position":2,"name":"Shop","item":"https:\/\/shoped.it\/shop\/negozio\/"},{"@type":"ListItem","position":3,"name":"Pagine Nascoste","item":"https:\/\/shoped.it\/shop\/categoria-prodotto\/pagine-nascoste\/"},{"@type":"ListItem","position":4,"name":"Abbonamento Meridiani Montagne (1 anno)"}]},{"@type":"WebSite","@id":"https:\/\/www.shoped.it\/shop\/#website","url":"https:\/\/www.shoped.it\/shop\/","name":"ShopED - Editoriale Domus","description":"lo shop on line di Editoriale Domus: tutti i prodotti di Domus, Quattroruote, Il Cucchiao d&#039;Argento, Meridiani, Meridiani Montagna, Dueruote, Ruoteclassiche, Tuttotrasporti XoffRoad, autopro, TopGear","publisher":{"@id":"https:\/\/www.shoped.it\/shop\/#organization"},"potentialAction":[{"@type":"SearchAction","target":{"@type":"EntryPoint","urlTemplate":"https:\/\/www.shoped.it\/shop\/?s={search_term_string}"},"query-input":{"@type":"PropertyValueSpecification","valueRequired":true,"valueName":"search_term_string"}}],"inLanguage":"it-IT"},{"@type":"Organization","@id":"https:\/\/www.shoped.it\/shop\/#organization","name":"Editoriale Domus","url":"https:\/\/www.shoped.it\/shop\/","logo":{"@type":"ImageObject","inLanguage":"it-IT","@id":"https:\/\/www.shoped.it\/shop\/#\/schema\/logo\/image\/","url":"https:\/\/www.shoped.it\/shop\/wp-content\/uploads\/2018\/01\/logoshoped.png","contentUrl":"https:\/\/www.shoped.it\/shop\/wp-content\/uploads\/2018\/01\/logoshoped.png","width":255,"height":80,"caption":"Editoriale Domus"},"image":{"@id":"https:\/\/www.shoped.it\/shop\/#\/schema\/logo\/image\/"}}]}},"_links":{"self":[{"href":"https:\/\/shoped.it\/shop\/wp-json\/wp\/v2\/product\/1607217","targetHints":{"allow":["GET"]}}],"collection":[{"href":"https:\/\/shoped.it\/shop\/wp-json\/wp\/v2\/product"}],"about":[{"href":"https:\/\/shoped.it\/shop\/wp-json\/wp\/v2\/types\/product"}],"wp:featuredmedia":[{"embeddable":true,"href":"https:\/\/shoped.it\/shop\/wp-json\/wp\/v2\/media\/1680585"}],"wp:attachment":[{"href":"https:\/\/shoped.it\/shop\/wp-json\/wp\/v2\/media?parent=1607217"}],"wp:term":[{"taxonomy":"product_brand","embeddable":true,"href":"https:\/\/shoped.it\/shop\/wp-json\/wp\/v2\/product_brand?post=1607217"},{"taxonomy":"product_cat","embeddable":true,"href":"https:\/\/shoped.it\/shop\/wp-json\/wp\/v2\/product_cat?post=1607217"},{"taxonomy":"product_tag","embeddable":true,"href":"https:\/\/shoped.it\/shop\/wp-json\/wp\/v2\/product_tag?post=1607217"}],"curies":[{"name":"wp","href":"https:\/\/api.w.org\/{rel}","templated":true}]}}