{"id":9569,"date":"2015-01-30T10:52:49","date_gmt":"2015-01-30T09:52:49","guid":{"rendered":"http:\/\/shopedcondiviso\/public\/shop\/en\/product\/ruoteclassiche-n-0323-novembre-2015\/"},"modified":"2026-04-06T08:58:17","modified_gmt":"2026-04-06T06:58:17","slug":"ruoteclassiche-n-0323-novembre-2015","status":"publish","type":"product","link":"https:\/\/shoped.it\/shop\/prodotto\/ruoteclassiche-n-0323-novembre-2015\/","title":{"rendered":"Ruoteclassiche N. 0323 Novembre 2015"},"content":{"rendered":"","protected":false},"excerpt":{"rendered":"<p>AUTOMOBILI Regine del passato &#8211; SS Jaguar 100 1936 Impressioni &#8211; SS Jaguar 100 1936 La storia &#8211; 80 anni di Jaguar Pezzi unici &#8211; Jaguar XJ-S V12 Coup\u00e9 Rob Beere Racing 1989 Anniversari &#8211; 50 anni di Lancia Fulvia Coup\u00e9 Impressioni &#8211; Delahaye Type 122A Faux Cabriolet Sic\u00e0l 1933 Rottami preziosi &#8211; Alfa Romeo [&hellip;]<\/p>\n","protected":false},"featured_media":9568,"template":"","meta":{"_acf_changed":false},"product_brand":[],"product_cat":[18,20],"product_tag":[],"class_list":{"0":"post-9569","1":"product","2":"type-product","3":"status-publish","4":"has-post-thumbnail","6":"product_cat-riviste","7":"product_cat-ruoteclassiche-riviste","8":"pa_anno_pubblicazione-34-2015","9":"pa_formato-20-carta","10":"pa_spedizione-22-consegnagratuitainitalia","11":"pa_testata-10-ruoteclassiche","12":"pa_testatacontentgroup-50-ruoteclassicheit","13":"pa_tipo_acquisto-95-copiasingola","14":"pa_tipologia-28-rivista","15":"pa_tipologia_abbonamento-29-copiasingolacartacea","17":"first","18":"instock","19":"shipping-taxable","20":"purchasable","21":"product-type-simple"},"acf":[],"yoast_head":"<!-- This site is optimized with the Yoast SEO plugin v25.9 - https:\/\/yoast.com\/wordpress\/plugins\/seo\/ -->\n<title>Ruoteclassiche N. 0323 Novembre 2015 - ShopED - Editoriale Domus<\/title>\n<meta name=\"robots\" content=\"index, follow, max-snippet:-1, max-image-preview:large, max-video-preview:-1\" \/>\n<link rel=\"canonical\" href=\"https:\/\/www.shoped.it\/shop\/prodotto\/ruoteclassiche-n-0323-novembre-2015\/\" \/>\n<meta property=\"og:locale\" content=\"it_IT\" \/>\n<meta property=\"og:type\" content=\"article\" \/>\n<meta property=\"og:title\" content=\"Ruoteclassiche N. 0323 Novembre 2015 - ShopED - Editoriale Domus\" \/>\n<meta property=\"og:description\" content=\"AUTOMOBILI Regine del passato &#8211; SS Jaguar 100 1936 Impressioni &#8211; SS Jaguar 100 1936 La storia &#8211; 80 anni di Jaguar Pezzi unici &#8211; Jaguar XJ-S V12 Coup\u00e9 Rob Beere Racing 1989 Anniversari &#8211; 50 anni di Lancia Fulvia Coup\u00e9 Impressioni &#8211; Delahaye Type 122A Faux Cabriolet Sic\u00e0l 1933 Rottami preziosi &#8211; Alfa Romeo [&hellip;]\" \/>\n<meta property=\"og:url\" content=\"https:\/\/www.shoped.it\/shop\/prodotto\/ruoteclassiche-n-0323-novembre-2015\/\" \/>\n<meta property=\"og:site_name\" content=\"ShopED - Editoriale Domus\" \/>\n<meta property=\"article:modified_time\" content=\"2026-04-06T06:58:17+00:00\" \/>\n<meta property=\"og:image\" content=\"https:\/\/www.shoped.it\/shop\/wp-content\/uploads\/2015\/01\/rcl_11_novembre_2015_n323.jpg\" \/>\n\t<meta property=\"og:image:width\" content=\"624\" \/>\n\t<meta property=\"og:image:height\" content=\"813\" \/>\n\t<meta property=\"og:image:type\" content=\"image\/jpeg\" \/>\n<meta name=\"twitter:card\" content=\"summary_large_image\" \/>\n<meta name=\"twitter:label1\" content=\"Tempo di lettura stimato\" \/>\n\t<meta name=\"twitter:data1\" content=\"1 minuto\" \/>\n<script type=\"application\/ld+json\" class=\"yoast-schema-graph\">{\"@context\":\"https:\/\/schema.org\",\"@graph\":[{\"@type\":\"WebPage\",\"@id\":\"https:\/\/www.shoped.it\/shop\/prodotto\/ruoteclassiche-n-0323-novembre-2015\/\",\"url\":\"https:\/\/www.shoped.it\/shop\/prodotto\/ruoteclassiche-n-0323-novembre-2015\/\",\"name\":\"Ruoteclassiche N. 0323 Novembre 2015 - ShopED - Editoriale Domus\",\"isPartOf\":{\"@id\":\"https:\/\/www.shoped.it\/shop\/#website\"},\"primaryImageOfPage\":{\"@id\":\"https:\/\/www.shoped.it\/shop\/prodotto\/ruoteclassiche-n-0323-novembre-2015\/#primaryimage\"},\"image\":{\"@id\":\"https:\/\/www.shoped.it\/shop\/prodotto\/ruoteclassiche-n-0323-novembre-2015\/#primaryimage\"},\"thumbnailUrl\":\"https:\/\/shoped.it\/shop\/wp-content\/uploads\/2015\/01\/rcl_11_novembre_2015_n323.jpg\",\"datePublished\":\"2015-01-30T09:52:49+00:00\",\"dateModified\":\"2026-04-06T06:58:17+00:00\",\"breadcrumb\":{\"@id\":\"https:\/\/www.shoped.it\/shop\/prodotto\/ruoteclassiche-n-0323-novembre-2015\/#breadcrumb\"},\"inLanguage\":\"it-IT\",\"potentialAction\":[{\"@type\":\"ReadAction\",\"target\":[\"https:\/\/www.shoped.it\/shop\/prodotto\/ruoteclassiche-n-0323-novembre-2015\/\"]}]},{\"@type\":\"ImageObject\",\"inLanguage\":\"it-IT\",\"@id\":\"https:\/\/www.shoped.it\/shop\/prodotto\/ruoteclassiche-n-0323-novembre-2015\/#primaryimage\",\"url\":\"https:\/\/shoped.it\/shop\/wp-content\/uploads\/2015\/01\/rcl_11_novembre_2015_n323.jpg\",\"contentUrl\":\"https:\/\/shoped.it\/shop\/wp-content\/uploads\/2015\/01\/rcl_11_novembre_2015_n323.jpg\",\"width\":624,\"height\":813,\"caption\":\"RUOTECLASSICHE N. 0323 NOVEMBRE 2015-0\"},{\"@type\":\"BreadcrumbList\",\"@id\":\"https:\/\/www.shoped.it\/shop\/prodotto\/ruoteclassiche-n-0323-novembre-2015\/#breadcrumb\",\"itemListElement\":[{\"@type\":\"ListItem\",\"position\":1,\"name\":\"Home\",\"item\":\"https:\/\/shoped.it\/shop\/\"},{\"@type\":\"ListItem\",\"position\":2,\"name\":\"Shop\",\"item\":\"https:\/\/shoped.it\/shop\/negozio\/\"},{\"@type\":\"ListItem\",\"position\":3,\"name\":\"Arretrati\",\"item\":\"https:\/\/shoped.it\/shop\/categoria-prodotto\/riviste\/\"},{\"@type\":\"ListItem\",\"position\":4,\"name\":\"Arretrati Ruoteclassiche\",\"item\":\"https:\/\/shoped.it\/shop\/categoria-prodotto\/riviste\/ruoteclassiche-riviste\/\"},{\"@type\":\"ListItem\",\"position\":5,\"name\":\"Ruoteclassiche N. 0323 Novembre 2015\"}]},{\"@type\":\"WebSite\",\"@id\":\"https:\/\/www.shoped.it\/shop\/#website\",\"url\":\"https:\/\/www.shoped.it\/shop\/\",\"name\":\"ShopED - Editoriale Domus\",\"description\":\"lo shop on line di Editoriale Domus: tutti i prodotti di Domus, Quattroruote, Il Cucchiao d&#039;Argento, Meridiani, Meridiani Montagna, Dueruote, Ruoteclassiche, Tuttotrasporti XoffRoad, autopro, TopGear\",\"publisher\":{\"@id\":\"https:\/\/www.shoped.it\/shop\/#organization\"},\"potentialAction\":[{\"@type\":\"SearchAction\",\"target\":{\"@type\":\"EntryPoint\",\"urlTemplate\":\"https:\/\/www.shoped.it\/shop\/?s={search_term_string}\"},\"query-input\":{\"@type\":\"PropertyValueSpecification\",\"valueRequired\":true,\"valueName\":\"search_term_string\"}}],\"inLanguage\":\"it-IT\"},{\"@type\":\"Organization\",\"@id\":\"https:\/\/www.shoped.it\/shop\/#organization\",\"name\":\"Editoriale Domus\",\"url\":\"https:\/\/www.shoped.it\/shop\/\",\"logo\":{\"@type\":\"ImageObject\",\"inLanguage\":\"it-IT\",\"@id\":\"https:\/\/www.shoped.it\/shop\/#\/schema\/logo\/image\/\",\"url\":\"https:\/\/www.shoped.it\/shop\/wp-content\/uploads\/2018\/01\/logoshoped.png\",\"contentUrl\":\"https:\/\/www.shoped.it\/shop\/wp-content\/uploads\/2018\/01\/logoshoped.png\",\"width\":255,\"height\":80,\"caption\":\"Editoriale Domus\"},\"image\":{\"@id\":\"https:\/\/www.shoped.it\/shop\/#\/schema\/logo\/image\/\"}}]}<\/script>\n<!-- \/ Yoast SEO plugin. -->","yoast_head_json":{"title":"Ruoteclassiche N. 0323 Novembre 2015 - ShopED - Editoriale Domus","robots":{"index":"index","follow":"follow","max-snippet":"max-snippet:-1","max-image-preview":"max-image-preview:large","max-video-preview":"max-video-preview:-1"},"canonical":"https:\/\/www.shoped.it\/shop\/prodotto\/ruoteclassiche-n-0323-novembre-2015\/","og_locale":"it_IT","og_type":"article","og_title":"Ruoteclassiche N. 0323 Novembre 2015 - ShopED - Editoriale Domus","og_description":"AUTOMOBILI Regine del passato &#8211; SS Jaguar 100 1936 Impressioni &#8211; SS Jaguar 100 1936 La storia &#8211; 80 anni di Jaguar Pezzi unici &#8211; Jaguar XJ-S V12 Coup\u00e9 Rob Beere Racing 1989 Anniversari &#8211; 50 anni di Lancia Fulvia Coup\u00e9 Impressioni &#8211; Delahaye Type 122A Faux Cabriolet Sic\u00e0l 1933 Rottami preziosi &#8211; Alfa Romeo [&hellip;]","og_url":"https:\/\/www.shoped.it\/shop\/prodotto\/ruoteclassiche-n-0323-novembre-2015\/","og_site_name":"ShopED - Editoriale Domus","article_modified_time":"2026-04-06T06:58:17+00:00","og_image":[{"width":624,"height":813,"url":"https:\/\/www.shoped.it\/shop\/wp-content\/uploads\/2015\/01\/rcl_11_novembre_2015_n323.jpg","type":"image\/jpeg"}],"twitter_card":"summary_large_image","twitter_misc":{"Tempo di lettura stimato":"1 minuto"},"schema":{"@context":"https:\/\/schema.org","@graph":[{"@type":"WebPage","@id":"https:\/\/www.shoped.it\/shop\/prodotto\/ruoteclassiche-n-0323-novembre-2015\/","url":"https:\/\/www.shoped.it\/shop\/prodotto\/ruoteclassiche-n-0323-novembre-2015\/","name":"Ruoteclassiche N. 0323 Novembre 2015 - ShopED - Editoriale Domus","isPartOf":{"@id":"https:\/\/www.shoped.it\/shop\/#website"},"primaryImageOfPage":{"@id":"https:\/\/www.shoped.it\/shop\/prodotto\/ruoteclassiche-n-0323-novembre-2015\/#primaryimage"},"image":{"@id":"https:\/\/www.shoped.it\/shop\/prodotto\/ruoteclassiche-n-0323-novembre-2015\/#primaryimage"},"thumbnailUrl":"https:\/\/shoped.it\/shop\/wp-content\/uploads\/2015\/01\/rcl_11_novembre_2015_n323.jpg","datePublished":"2015-01-30T09:52:49+00:00","dateModified":"2026-04-06T06:58:17+00:00","breadcrumb":{"@id":"https:\/\/www.shoped.it\/shop\/prodotto\/ruoteclassiche-n-0323-novembre-2015\/#breadcrumb"},"inLanguage":"it-IT","potentialAction":[{"@type":"ReadAction","target":["https:\/\/www.shoped.it\/shop\/prodotto\/ruoteclassiche-n-0323-novembre-2015\/"]}]},{"@type":"ImageObject","inLanguage":"it-IT","@id":"https:\/\/www.shoped.it\/shop\/prodotto\/ruoteclassiche-n-0323-novembre-2015\/#primaryimage","url":"https:\/\/shoped.it\/shop\/wp-content\/uploads\/2015\/01\/rcl_11_novembre_2015_n323.jpg","contentUrl":"https:\/\/shoped.it\/shop\/wp-content\/uploads\/2015\/01\/rcl_11_novembre_2015_n323.jpg","width":624,"height":813,"caption":"RUOTECLASSICHE N. 0323 NOVEMBRE 2015-0"},{"@type":"BreadcrumbList","@id":"https:\/\/www.shoped.it\/shop\/prodotto\/ruoteclassiche-n-0323-novembre-2015\/#breadcrumb","itemListElement":[{"@type":"ListItem","position":1,"name":"Home","item":"https:\/\/shoped.it\/shop\/"},{"@type":"ListItem","position":2,"name":"Shop","item":"https:\/\/shoped.it\/shop\/negozio\/"},{"@type":"ListItem","position":3,"name":"Arretrati","item":"https:\/\/shoped.it\/shop\/categoria-prodotto\/riviste\/"},{"@type":"ListItem","position":4,"name":"Arretrati Ruoteclassiche","item":"https:\/\/shoped.it\/shop\/categoria-prodotto\/riviste\/ruoteclassiche-riviste\/"},{"@type":"ListItem","position":5,"name":"Ruoteclassiche N. 0323 Novembre 2015"}]},{"@type":"WebSite","@id":"https:\/\/www.shoped.it\/shop\/#website","url":"https:\/\/www.shoped.it\/shop\/","name":"ShopED - Editoriale Domus","description":"lo shop on line di Editoriale Domus: tutti i prodotti di Domus, Quattroruote, Il Cucchiao d&#039;Argento, Meridiani, Meridiani Montagna, Dueruote, Ruoteclassiche, Tuttotrasporti XoffRoad, autopro, TopGear","publisher":{"@id":"https:\/\/www.shoped.it\/shop\/#organization"},"potentialAction":[{"@type":"SearchAction","target":{"@type":"EntryPoint","urlTemplate":"https:\/\/www.shoped.it\/shop\/?s={search_term_string}"},"query-input":{"@type":"PropertyValueSpecification","valueRequired":true,"valueName":"search_term_string"}}],"inLanguage":"it-IT"},{"@type":"Organization","@id":"https:\/\/www.shoped.it\/shop\/#organization","name":"Editoriale Domus","url":"https:\/\/www.shoped.it\/shop\/","logo":{"@type":"ImageObject","inLanguage":"it-IT","@id":"https:\/\/www.shoped.it\/shop\/#\/schema\/logo\/image\/","url":"https:\/\/www.shoped.it\/shop\/wp-content\/uploads\/2018\/01\/logoshoped.png","contentUrl":"https:\/\/www.shoped.it\/shop\/wp-content\/uploads\/2018\/01\/logoshoped.png","width":255,"height":80,"caption":"Editoriale Domus"},"image":{"@id":"https:\/\/www.shoped.it\/shop\/#\/schema\/logo\/image\/"}}]}},"_links":{"self":[{"href":"https:\/\/shoped.it\/shop\/wp-json\/wp\/v2\/product\/9569","targetHints":{"allow":["GET"]}}],"collection":[{"href":"https:\/\/shoped.it\/shop\/wp-json\/wp\/v2\/product"}],"about":[{"href":"https:\/\/shoped.it\/shop\/wp-json\/wp\/v2\/types\/product"}],"wp:featuredmedia":[{"embeddable":true,"href":"https:\/\/shoped.it\/shop\/wp-json\/wp\/v2\/media\/9568"}],"wp:attachment":[{"href":"https:\/\/shoped.it\/shop\/wp-json\/wp\/v2\/media?parent=9569"}],"wp:term":[{"taxonomy":"product_brand","embeddable":true,"href":"https:\/\/shoped.it\/shop\/wp-json\/wp\/v2\/product_brand?post=9569"},{"taxonomy":"product_cat","embeddable":true,"href":"https:\/\/shoped.it\/shop\/wp-json\/wp\/v2\/product_cat?post=9569"},{"taxonomy":"product_tag","embeddable":true,"href":"https:\/\/shoped.it\/shop\/wp-json\/wp\/v2\/product_tag?post=9569"}],"curies":[{"name":"wp","href":"https:\/\/api.w.org\/{rel}","templated":true}]}}