{"id":97652,"date":"2019-01-01T06:02:06","date_gmt":"2019-01-01T05:02:06","guid":{"rendered":"https:\/\/abbonati.shoped.it\/shop\/?post_type=product&#038;p=97652"},"modified":"2026-04-12T04:41:36","modified_gmt":"2026-04-12T02:41:36","slug":"abbonamento-quattroruote-12-copie-2","status":"publish","type":"product","link":"https:\/\/shoped.it\/shop\/prodotto\/abbonamento-quattroruote-12-copie-2\/","title":{"rendered":"Abbonamento a Quattroruote"},"content":{"rendered":"","protected":false},"excerpt":{"rendered":"<p>durata: 1 anno (12 numeri) &#8211; periodicit\u00e0: mensile &#8211; edizione: carta+digitale incluso Quattroruote \u00e8 la rivista di automobilismo pi\u00f9 amata e autorevole. Ogni mese presenta le novit\u00e0 del mercato auto, prova le vetture pi\u00f9 importanti, guida all&#8217; acquisto con il listino del nuovo e le quotazioni dell&#8217;usato. Informa il lettore in maniera completa ed \u00e8 [&hellip;]<\/p>\n","protected":false},"featured_media":1959217,"template":"","meta":{"_acf_changed":false},"product_brand":[],"product_cat":[32065,32052,32119,32008,32007,32667,32269,32041,32102,32341,32009,32018,31522,31561,31535],"product_tag":[],"class_list":{"0":"post-97652","1":"product","2":"type-product","3":"status-publish","4":"has-post-thumbnail","6":"product_cat-intermediario-dem-nuovi-quattroruote","7":"product_cat-intermediario-mailing-natale-2019","8":"product_cat-intermediario-mailing-natale-2019-wind","9":"product_cat-intermediario-mailing-qrt-aprile2019","10":"product_cat-intermediario-mailing-qrt-autotrasportatori","11":"product_cat-intermediario-mailing-qrt-b2b","12":"product_cat-intermediario-mailing-qrt12","13":"product_cat-intermediario-mailing-quattroruote-bis","14":"product_cat-intermediario-mailing-quattroruote-5","15":"product_cat-intermediario-qrt-superofferta","16":"product_cat-nobollettino","17":"product_cat-nocontrassegno","18":"product_cat-pagine-nascoste","19":"product_cat-abbonamenti-pagine-nascoste","20":"product_cat-intermediario","21":"pa_durata-1-anno","22":"pa_formato-17-cartadigitale","23":"pa_numeri_anno-13-12","24":"pa_supporto-carta-digitale","25":"pa_testata-25-quattroruote","26":"pa_tipo-prodotto-abbonamento","28":"first","29":"instock","30":"sale","31":"sold-individually","32":"purchasable","33":"product-type-simple"},"acf":[],"yoast_head":"<!-- This site is optimized with the Yoast SEO plugin v25.9 - https:\/\/yoast.com\/wordpress\/plugins\/seo\/ -->\n<title>Abbonamento a Quattroruote - ShopED - Editoriale Domus<\/title>\n<meta name=\"robots\" content=\"index, follow, max-snippet:-1, max-image-preview:large, max-video-preview:-1\" \/>\n<link rel=\"canonical\" href=\"https:\/\/www.shoped.it\/shop\/prodotto\/abbonamento-quattroruote-12-copie-2\/\" \/>\n<meta property=\"og:locale\" content=\"it_IT\" \/>\n<meta property=\"og:type\" content=\"article\" \/>\n<meta property=\"og:title\" content=\"Abbonamento a Quattroruote - ShopED - Editoriale Domus\" \/>\n<meta property=\"og:description\" content=\"durata: 1 anno (12 numeri) &#8211; periodicit\u00e0: mensile &#8211; edizione: carta+digitale incluso Quattroruote \u00e8 la rivista di automobilismo pi\u00f9 amata e autorevole. Ogni mese presenta le novit\u00e0 del mercato auto, prova le vetture pi\u00f9 importanti, guida all&#8217; acquisto con il listino del nuovo e le quotazioni dell&#8217;usato. Informa il lettore in maniera completa ed \u00e8 [&hellip;]\" \/>\n<meta property=\"og:url\" content=\"https:\/\/www.shoped.it\/shop\/prodotto\/abbonamento-quattroruote-12-copie-2\/\" \/>\n<meta property=\"og:site_name\" content=\"ShopED - Editoriale Domus\" \/>\n<meta property=\"article:modified_time\" content=\"2026-04-12T02:41:36+00:00\" \/>\n<meta property=\"og:image\" content=\"https:\/\/www.shoped.it\/shop\/wp-content\/uploads\/2024\/10\/QRT202508_N\u00b0840-E690.png\" \/>\n\t<meta property=\"og:image:width\" content=\"576\" \/>\n\t<meta property=\"og:image:height\" content=\"618\" \/>\n\t<meta property=\"og:image:type\" content=\"image\/png\" \/>\n<meta name=\"twitter:card\" content=\"summary_large_image\" \/>\n<meta name=\"twitter:label1\" content=\"Tempo di lettura stimato\" \/>\n\t<meta name=\"twitter:data1\" content=\"1 minuto\" \/>\n<script type=\"application\/ld+json\" class=\"yoast-schema-graph\">{\"@context\":\"https:\/\/schema.org\",\"@graph\":[{\"@type\":\"WebPage\",\"@id\":\"https:\/\/www.shoped.it\/shop\/prodotto\/abbonamento-quattroruote-12-copie-2\/\",\"url\":\"https:\/\/www.shoped.it\/shop\/prodotto\/abbonamento-quattroruote-12-copie-2\/\",\"name\":\"Abbonamento a Quattroruote - ShopED - Editoriale Domus\",\"isPartOf\":{\"@id\":\"https:\/\/www.shoped.it\/shop\/#website\"},\"primaryImageOfPage\":{\"@id\":\"https:\/\/www.shoped.it\/shop\/prodotto\/abbonamento-quattroruote-12-copie-2\/#primaryimage\"},\"image\":{\"@id\":\"https:\/\/www.shoped.it\/shop\/prodotto\/abbonamento-quattroruote-12-copie-2\/#primaryimage\"},\"thumbnailUrl\":\"https:\/\/shoped.it\/shop\/wp-content\/uploads\/2024\/10\/QRT202508_N\u00b0840-E690.png\",\"datePublished\":\"2019-01-01T05:02:06+00:00\",\"dateModified\":\"2026-04-12T02:41:36+00:00\",\"breadcrumb\":{\"@id\":\"https:\/\/www.shoped.it\/shop\/prodotto\/abbonamento-quattroruote-12-copie-2\/#breadcrumb\"},\"inLanguage\":\"it-IT\",\"potentialAction\":[{\"@type\":\"ReadAction\",\"target\":[\"https:\/\/www.shoped.it\/shop\/prodotto\/abbonamento-quattroruote-12-copie-2\/\"]}]},{\"@type\":\"ImageObject\",\"inLanguage\":\"it-IT\",\"@id\":\"https:\/\/www.shoped.it\/shop\/prodotto\/abbonamento-quattroruote-12-copie-2\/#primaryimage\",\"url\":\"https:\/\/shoped.it\/shop\/wp-content\/uploads\/2024\/10\/QRT202508_N\u00b0840-E690.png\",\"contentUrl\":\"https:\/\/shoped.it\/shop\/wp-content\/uploads\/2024\/10\/QRT202508_N\u00b0840-E690.png\",\"width\":576,\"height\":618},{\"@type\":\"BreadcrumbList\",\"@id\":\"https:\/\/www.shoped.it\/shop\/prodotto\/abbonamento-quattroruote-12-copie-2\/#breadcrumb\",\"itemListElement\":[{\"@type\":\"ListItem\",\"position\":1,\"name\":\"Home\",\"item\":\"https:\/\/shoped.it\/shop\/\"},{\"@type\":\"ListItem\",\"position\":2,\"name\":\"Shop\",\"item\":\"https:\/\/shoped.it\/shop\/negozio\/\"},{\"@type\":\"ListItem\",\"position\":3,\"name\":\"Pagine Nascoste\",\"item\":\"https:\/\/shoped.it\/shop\/categoria-prodotto\/pagine-nascoste\/\"},{\"@type\":\"ListItem\",\"position\":4,\"name\":\"Abbonamento a Quattroruote\"}]},{\"@type\":\"WebSite\",\"@id\":\"https:\/\/www.shoped.it\/shop\/#website\",\"url\":\"https:\/\/www.shoped.it\/shop\/\",\"name\":\"ShopED - Editoriale Domus\",\"description\":\"lo shop on line di Editoriale Domus: tutti i prodotti di Domus, Quattroruote, Il Cucchiao d&#039;Argento, Meridiani, Meridiani Montagna, Dueruote, Ruoteclassiche, Tuttotrasporti XoffRoad, autopro, TopGear\",\"publisher\":{\"@id\":\"https:\/\/www.shoped.it\/shop\/#organization\"},\"potentialAction\":[{\"@type\":\"SearchAction\",\"target\":{\"@type\":\"EntryPoint\",\"urlTemplate\":\"https:\/\/www.shoped.it\/shop\/?s={search_term_string}\"},\"query-input\":{\"@type\":\"PropertyValueSpecification\",\"valueRequired\":true,\"valueName\":\"search_term_string\"}}],\"inLanguage\":\"it-IT\"},{\"@type\":\"Organization\",\"@id\":\"https:\/\/www.shoped.it\/shop\/#organization\",\"name\":\"Editoriale Domus\",\"url\":\"https:\/\/www.shoped.it\/shop\/\",\"logo\":{\"@type\":\"ImageObject\",\"inLanguage\":\"it-IT\",\"@id\":\"https:\/\/www.shoped.it\/shop\/#\/schema\/logo\/image\/\",\"url\":\"https:\/\/www.shoped.it\/shop\/wp-content\/uploads\/2018\/01\/logoshoped.png\",\"contentUrl\":\"https:\/\/www.shoped.it\/shop\/wp-content\/uploads\/2018\/01\/logoshoped.png\",\"width\":255,\"height\":80,\"caption\":\"Editoriale Domus\"},\"image\":{\"@id\":\"https:\/\/www.shoped.it\/shop\/#\/schema\/logo\/image\/\"}}]}<\/script>\n<!-- \/ Yoast SEO plugin. -->","yoast_head_json":{"title":"Abbonamento a Quattroruote - ShopED - Editoriale Domus","robots":{"index":"index","follow":"follow","max-snippet":"max-snippet:-1","max-image-preview":"max-image-preview:large","max-video-preview":"max-video-preview:-1"},"canonical":"https:\/\/www.shoped.it\/shop\/prodotto\/abbonamento-quattroruote-12-copie-2\/","og_locale":"it_IT","og_type":"article","og_title":"Abbonamento a Quattroruote - ShopED - Editoriale Domus","og_description":"durata: 1 anno (12 numeri) &#8211; periodicit\u00e0: mensile &#8211; edizione: carta+digitale incluso Quattroruote \u00e8 la rivista di automobilismo pi\u00f9 amata e autorevole. Ogni mese presenta le novit\u00e0 del mercato auto, prova le vetture pi\u00f9 importanti, guida all&#8217; acquisto con il listino del nuovo e le quotazioni dell&#8217;usato. Informa il lettore in maniera completa ed \u00e8 [&hellip;]","og_url":"https:\/\/www.shoped.it\/shop\/prodotto\/abbonamento-quattroruote-12-copie-2\/","og_site_name":"ShopED - Editoriale Domus","article_modified_time":"2026-04-12T02:41:36+00:00","og_image":[{"width":576,"height":618,"url":"https:\/\/www.shoped.it\/shop\/wp-content\/uploads\/2024\/10\/QRT202508_N\u00b0840-E690.png","type":"image\/png"}],"twitter_card":"summary_large_image","twitter_misc":{"Tempo di lettura stimato":"1 minuto"},"schema":{"@context":"https:\/\/schema.org","@graph":[{"@type":"WebPage","@id":"https:\/\/www.shoped.it\/shop\/prodotto\/abbonamento-quattroruote-12-copie-2\/","url":"https:\/\/www.shoped.it\/shop\/prodotto\/abbonamento-quattroruote-12-copie-2\/","name":"Abbonamento a Quattroruote - ShopED - Editoriale Domus","isPartOf":{"@id":"https:\/\/www.shoped.it\/shop\/#website"},"primaryImageOfPage":{"@id":"https:\/\/www.shoped.it\/shop\/prodotto\/abbonamento-quattroruote-12-copie-2\/#primaryimage"},"image":{"@id":"https:\/\/www.shoped.it\/shop\/prodotto\/abbonamento-quattroruote-12-copie-2\/#primaryimage"},"thumbnailUrl":"https:\/\/shoped.it\/shop\/wp-content\/uploads\/2024\/10\/QRT202508_N\u00b0840-E690.png","datePublished":"2019-01-01T05:02:06+00:00","dateModified":"2026-04-12T02:41:36+00:00","breadcrumb":{"@id":"https:\/\/www.shoped.it\/shop\/prodotto\/abbonamento-quattroruote-12-copie-2\/#breadcrumb"},"inLanguage":"it-IT","potentialAction":[{"@type":"ReadAction","target":["https:\/\/www.shoped.it\/shop\/prodotto\/abbonamento-quattroruote-12-copie-2\/"]}]},{"@type":"ImageObject","inLanguage":"it-IT","@id":"https:\/\/www.shoped.it\/shop\/prodotto\/abbonamento-quattroruote-12-copie-2\/#primaryimage","url":"https:\/\/shoped.it\/shop\/wp-content\/uploads\/2024\/10\/QRT202508_N\u00b0840-E690.png","contentUrl":"https:\/\/shoped.it\/shop\/wp-content\/uploads\/2024\/10\/QRT202508_N\u00b0840-E690.png","width":576,"height":618},{"@type":"BreadcrumbList","@id":"https:\/\/www.shoped.it\/shop\/prodotto\/abbonamento-quattroruote-12-copie-2\/#breadcrumb","itemListElement":[{"@type":"ListItem","position":1,"name":"Home","item":"https:\/\/shoped.it\/shop\/"},{"@type":"ListItem","position":2,"name":"Shop","item":"https:\/\/shoped.it\/shop\/negozio\/"},{"@type":"ListItem","position":3,"name":"Pagine Nascoste","item":"https:\/\/shoped.it\/shop\/categoria-prodotto\/pagine-nascoste\/"},{"@type":"ListItem","position":4,"name":"Abbonamento a Quattroruote"}]},{"@type":"WebSite","@id":"https:\/\/www.shoped.it\/shop\/#website","url":"https:\/\/www.shoped.it\/shop\/","name":"ShopED - Editoriale Domus","description":"lo shop on line di Editoriale Domus: tutti i prodotti di Domus, Quattroruote, Il Cucchiao d&#039;Argento, Meridiani, Meridiani Montagna, Dueruote, Ruoteclassiche, Tuttotrasporti XoffRoad, autopro, TopGear","publisher":{"@id":"https:\/\/www.shoped.it\/shop\/#organization"},"potentialAction":[{"@type":"SearchAction","target":{"@type":"EntryPoint","urlTemplate":"https:\/\/www.shoped.it\/shop\/?s={search_term_string}"},"query-input":{"@type":"PropertyValueSpecification","valueRequired":true,"valueName":"search_term_string"}}],"inLanguage":"it-IT"},{"@type":"Organization","@id":"https:\/\/www.shoped.it\/shop\/#organization","name":"Editoriale Domus","url":"https:\/\/www.shoped.it\/shop\/","logo":{"@type":"ImageObject","inLanguage":"it-IT","@id":"https:\/\/www.shoped.it\/shop\/#\/schema\/logo\/image\/","url":"https:\/\/www.shoped.it\/shop\/wp-content\/uploads\/2018\/01\/logoshoped.png","contentUrl":"https:\/\/www.shoped.it\/shop\/wp-content\/uploads\/2018\/01\/logoshoped.png","width":255,"height":80,"caption":"Editoriale Domus"},"image":{"@id":"https:\/\/www.shoped.it\/shop\/#\/schema\/logo\/image\/"}}]}},"_links":{"self":[{"href":"https:\/\/shoped.it\/shop\/wp-json\/wp\/v2\/product\/97652","targetHints":{"allow":["GET"]}}],"collection":[{"href":"https:\/\/shoped.it\/shop\/wp-json\/wp\/v2\/product"}],"about":[{"href":"https:\/\/shoped.it\/shop\/wp-json\/wp\/v2\/types\/product"}],"wp:featuredmedia":[{"embeddable":true,"href":"https:\/\/shoped.it\/shop\/wp-json\/wp\/v2\/media\/1959217"}],"wp:attachment":[{"href":"https:\/\/shoped.it\/shop\/wp-json\/wp\/v2\/media?parent=97652"}],"wp:term":[{"taxonomy":"product_brand","embeddable":true,"href":"https:\/\/shoped.it\/shop\/wp-json\/wp\/v2\/product_brand?post=97652"},{"taxonomy":"product_cat","embeddable":true,"href":"https:\/\/shoped.it\/shop\/wp-json\/wp\/v2\/product_cat?post=97652"},{"taxonomy":"product_tag","embeddable":true,"href":"https:\/\/shoped.it\/shop\/wp-json\/wp\/v2\/product_tag?post=97652"}],"curies":[{"name":"wp","href":"https:\/\/api.w.org\/{rel}","templated":true}]}}